{"id":26967,"date":"2017-09-27T17:16:35","date_gmt":"2017-09-27T15:16:35","guid":{"rendered":"http:\/\/www.hotelcabanastulum.com\/reservacion\/travel-insurance\/"},"modified":"2025-05-22T14:48:38","modified_gmt":"2025-05-22T12:48:38","slug":"seguro-de-viaje-2","status":"publish","type":"page","link":"https:\/\/www.hotelcabanastulum.com\/es\/reservacion\/seguro-de-viaje-2\/","title":{"rendered":"Seguro De Viaje"},"content":{"rendered":"<div class=\"wpb-content-wrapper\"><p>[vc_row color_set=\u00bbwhite_section\u00bb row_padding_top=\u00bbpadding_top_1-2&#8243; row_padding_bottom=\u00bbpadding_bottom_none\u00bb][vc_column width=\u00bb5\/6&#8243; offset=\u00bbvc_col-sm-offset-1&#8243;][vc_column_text]<\/p>\n<h1 style=\"text-align: center;\">Seguro De Viaje<\/h1>\n<p>[\/vc_column_text][vc_column_text css=\u00bb.vc_custom_1641835311094{margin-top: 40px !important;}\u00bb]Recomendamos que todos nuestros hu\u00e9spedes consideren comprar un seguro de viaje para cubrir cualquier problema que puedan tener antes o durante sus vacaciones.<\/p>\n<p>Si bien el Hotel no es responsable de situaciones fuera de su control, como en la secci\u00f3n de responsabilidad, es posible que tener un seguro de viaje cubra su p\u00e9rdida monetaria en situaciones como, por ejemplo, las que se enumeran a continuaci\u00f3n:<\/p>\n<ul>\n<li>Cancelaci\u00f3n de sus vacaciones en general<\/li>\n<li>Vuelo retrasado o cancelado<\/li>\n<li>En caso de enfermedad durante el viaje<\/li>\n<li>Salida anticipada del Hotel<\/li>\n<li>Desastres naturales<\/li>\n<li>Epidemias<\/li>\n<li>Advertencias de viaje<\/li>\n<\/ul>\n<p>Consulte con su compa\u00f1\u00eda de tarjeta de cr\u00e9dito, agente de viajes o compa\u00f1\u00eda de seguros de viaje para conocer las opciones y la cobertura.<\/p>\n<p>A continuaci\u00f3n se muestra una<em><strong> opci\u00f3n para la compra de un seguro de viaje solo para ciudadanos de EE. UU.<\/strong><\/em> *** si desea comprar un seguro de viaje, cont\u00e1ctelos directamente:<\/p>\n<p><a href=\"https:\/\/www.itravelinsured.com\/\"><em>https:\/\/www.itravelinsured.com\/<\/em><\/a>[\/vc_column_text][\/vc_column][\/vc_row]<\/p>\n<\/div>","protected":false},"excerpt":{"rendered":"<div class=\"wpb-content-wrapper\">\n<p>[vc_row color_set=\u00bbwhite_section\u00bb row_padding_top=\u00bbpadding_top_1-2&#8243; row_padding_bottom=\u00bbpadding_bottom_none\u00bb][vc_column width=\u00bb5\/6&#8243; offset=\u00bbvc_col-sm-offset-1&#8243;][vc_column_text]<\/p>\n<h1 style=\"text-align: center;\">Seguro De Viaje<\/h1>\n<p>[\/vc_column_text][vc_column_text css=\u00bb.vc_custom_1641835311094{margin-top: 40px !important;}\u00bb]Recomendamos que todos nuestros hu\u00e9spedes consideren comprar un seguro de viaje para cubrir cualquier problema que puedan tener antes o durante sus vacaciones.<\/p>\n<p>Si bien el Hotel no es responsable de situaciones fuera de su control, como en la secci\u00f3n de responsabilidad, es posible que tener un seguro de viaje cubra su p\u00e9rdida monetaria en situaciones como,<\/p>\n<\/div>\n","protected":false},"author":1,"featured_media":31733,"parent":1782,"menu_order":0,"comment_status":"closed","ping_status":"closed","template":"","meta":{"_acf_changed":false,"inline_featured_image":false,"footnotes":""},"class_list":["post-26967","page","type-page","status-publish","has-post-thumbnail","hentry"],"acf":[],"yoast_head":"<!-- This site is optimized with the Yoast SEO plugin v24.6 - https:\/\/yoast.com\/wordpress\/plugins\/seo\/ -->\n<title>Seguro De Viaje | CABANAS TULUM HOTEL<\/title>\n<meta name=\"description\" content=\"Seguro De Viaje of Hotel Cabanas in Tulum, Mexico.\" \/>\n<meta name=\"robots\" content=\"index, follow, max-snippet:-1, max-image-preview:large, max-video-preview:-1\" \/>\n<link rel=\"canonical\" href=\"https:\/\/www.hotelcabanastulum.com\/es\/reservacion\/seguro-de-viaje-2\/\" \/>\n<meta property=\"og:locale\" content=\"es_ES\" \/>\n<meta property=\"og:type\" content=\"article\" \/>\n<meta property=\"og:title\" content=\"Seguro De Viaje | CABANAS TULUM HOTEL\" \/>\n<meta property=\"og:description\" content=\"Seguro De Viaje of Hotel Cabanas in Tulum, Mexico.\" \/>\n<meta property=\"og:url\" content=\"https:\/\/www.hotelcabanastulum.com\/es\/reservacion\/seguro-de-viaje-2\/\" \/>\n<meta property=\"og:site_name\" content=\"Hotel Caba\u00f1as Tulum\" \/>\n<meta property=\"article:modified_time\" content=\"2025-05-22T12:48:38+00:00\" \/>\n<meta property=\"og:image\" content=\"https:\/\/www.hotelcabanastulum.com\/wp-content\/uploads\/2022\/01\/pool-3.jpg\" \/>\n\t<meta property=\"og:image:width\" content=\"960\" \/>\n\t<meta property=\"og:image:height\" content=\"640\" \/>\n\t<meta property=\"og:image:type\" content=\"image\/jpeg\" \/>\n<meta name=\"twitter:card\" content=\"summary_large_image\" \/>\n<meta name=\"twitter:label1\" content=\"Tiempo de lectura\" \/>\n\t<meta name=\"twitter:data1\" content=\"1 minuto\" \/>\n<script type=\"application\/ld+json\" class=\"yoast-schema-graph\">{\"@context\":\"https:\/\/schema.org\",\"@graph\":[{\"@type\":\"WebPage\",\"@id\":\"https:\/\/www.hotelcabanastulum.com\/es\/reservacion\/seguro-de-viaje-2\/\",\"url\":\"https:\/\/www.hotelcabanastulum.com\/es\/reservacion\/seguro-de-viaje-2\/\",\"name\":\"Seguro De Viaje | CABANAS TULUM HOTEL\",\"isPartOf\":{\"@id\":\"https:\/\/www.hotelcabanastulum.com\/#website\"},\"primaryImageOfPage\":{\"@id\":\"https:\/\/www.hotelcabanastulum.com\/es\/reservacion\/seguro-de-viaje-2\/#primaryimage\"},\"image\":{\"@id\":\"https:\/\/www.hotelcabanastulum.com\/es\/reservacion\/seguro-de-viaje-2\/#primaryimage\"},\"thumbnailUrl\":\"https:\/\/www.hotelcabanastulum.com\/wp-content\/uploads\/2022\/01\/pool-3.jpg\",\"datePublished\":\"2017-09-27T15:16:35+00:00\",\"dateModified\":\"2025-05-22T12:48:38+00:00\",\"description\":\"Seguro De Viaje of Hotel Cabanas in Tulum, Mexico.\",\"breadcrumb\":{\"@id\":\"https:\/\/www.hotelcabanastulum.com\/es\/reservacion\/seguro-de-viaje-2\/#breadcrumb\"},\"inLanguage\":\"es\",\"potentialAction\":[{\"@type\":\"ReadAction\",\"target\":[\"https:\/\/www.hotelcabanastulum.com\/es\/reservacion\/seguro-de-viaje-2\/\"]}]},{\"@type\":\"ImageObject\",\"inLanguage\":\"es\",\"@id\":\"https:\/\/www.hotelcabanastulum.com\/es\/reservacion\/seguro-de-viaje-2\/#primaryimage\",\"url\":\"https:\/\/www.hotelcabanastulum.com\/wp-content\/uploads\/2022\/01\/pool-3.jpg\",\"contentUrl\":\"https:\/\/www.hotelcabanastulum.com\/wp-content\/uploads\/2022\/01\/pool-3.jpg\",\"width\":1920,\"height\":1280},{\"@type\":\"BreadcrumbList\",\"@id\":\"https:\/\/www.hotelcabanastulum.com\/es\/reservacion\/seguro-de-viaje-2\/#breadcrumb\",\"itemListElement\":[{\"@type\":\"ListItem\",\"position\":1,\"name\":\"Home\",\"item\":\"https:\/\/www.hotelcabanastulum.com\/es\/\"},{\"@type\":\"ListItem\",\"position\":2,\"name\":\"Reservaciones\",\"item\":\"https:\/\/www.hotelcabanastulum.com\/es\/reservacion\/\"},{\"@type\":\"ListItem\",\"position\":3,\"name\":\"Seguro De Viaje\"}]},{\"@type\":\"WebSite\",\"@id\":\"https:\/\/www.hotelcabanastulum.com\/#website\",\"url\":\"https:\/\/www.hotelcabanastulum.com\/\",\"name\":\"Hotel Caba\u00f1as Tulum\",\"description\":\"Un nuovo sito targato WordPress\",\"publisher\":{\"@id\":\"https:\/\/www.hotelcabanastulum.com\/#organization\"},\"potentialAction\":[{\"@type\":\"SearchAction\",\"target\":{\"@type\":\"EntryPoint\",\"urlTemplate\":\"https:\/\/www.hotelcabanastulum.com\/?s={search_term_string}\"},\"query-input\":{\"@type\":\"PropertyValueSpecification\",\"valueRequired\":true,\"valueName\":\"search_term_string\"}}],\"inLanguage\":\"es\"},{\"@type\":\"Organization\",\"@id\":\"https:\/\/www.hotelcabanastulum.com\/#organization\",\"name\":\"Caba\u00f1as Tulum Hotel\",\"url\":\"https:\/\/www.hotelcabanastulum.com\/\",\"logo\":{\"@type\":\"ImageObject\",\"inLanguage\":\"es\",\"@id\":\"https:\/\/www.hotelcabanastulum.com\/#\/schema\/logo\/image\/\",\"url\":\"http:\/\/www.hotelcabanastulum.com\/wp-content\/uploads\/2017\/05\/hotel-cabanas-tulum_logo.png\",\"contentUrl\":\"http:\/\/www.hotelcabanastulum.com\/wp-content\/uploads\/2017\/05\/hotel-cabanas-tulum_logo.png\",\"width\":227,\"height\":62,\"caption\":\"Caba\u00f1as Tulum Hotel\"},\"image\":{\"@id\":\"https:\/\/www.hotelcabanastulum.com\/#\/schema\/logo\/image\/\"}}]}<\/script>\n<!-- \/ Yoast SEO plugin. -->","yoast_head_json":{"title":"Seguro De Viaje | CABANAS TULUM HOTEL","description":"Seguro De Viaje of Hotel Cabanas in Tulum, Mexico.","robots":{"index":"index","follow":"follow","max-snippet":"max-snippet:-1","max-image-preview":"max-image-preview:large","max-video-preview":"max-video-preview:-1"},"canonical":"https:\/\/www.hotelcabanastulum.com\/es\/reservacion\/seguro-de-viaje-2\/","og_locale":"es_ES","og_type":"article","og_title":"Seguro De Viaje | CABANAS TULUM HOTEL","og_description":"Seguro De Viaje of Hotel Cabanas in Tulum, Mexico.","og_url":"https:\/\/www.hotelcabanastulum.com\/es\/reservacion\/seguro-de-viaje-2\/","og_site_name":"Hotel Caba\u00f1as Tulum","article_modified_time":"2025-05-22T12:48:38+00:00","og_image":[{"url":"https:\/\/www.hotelcabanastulum.com\/wp-content\/uploads\/2022\/01\/pool-3.jpg","width":960,"height":640,"type":"image\/jpeg"}],"twitter_card":"summary_large_image","twitter_misc":{"Tiempo de lectura":"1 minuto"},"schema":{"@context":"https:\/\/schema.org","@graph":[{"@type":"WebPage","@id":"https:\/\/www.hotelcabanastulum.com\/es\/reservacion\/seguro-de-viaje-2\/","url":"https:\/\/www.hotelcabanastulum.com\/es\/reservacion\/seguro-de-viaje-2\/","name":"Seguro De Viaje | CABANAS TULUM HOTEL","isPartOf":{"@id":"https:\/\/www.hotelcabanastulum.com\/#website"},"primaryImageOfPage":{"@id":"https:\/\/www.hotelcabanastulum.com\/es\/reservacion\/seguro-de-viaje-2\/#primaryimage"},"image":{"@id":"https:\/\/www.hotelcabanastulum.com\/es\/reservacion\/seguro-de-viaje-2\/#primaryimage"},"thumbnailUrl":"https:\/\/www.hotelcabanastulum.com\/wp-content\/uploads\/2022\/01\/pool-3.jpg","datePublished":"2017-09-27T15:16:35+00:00","dateModified":"2025-05-22T12:48:38+00:00","description":"Seguro De Viaje of Hotel Cabanas in Tulum, Mexico.","breadcrumb":{"@id":"https:\/\/www.hotelcabanastulum.com\/es\/reservacion\/seguro-de-viaje-2\/#breadcrumb"},"inLanguage":"es","potentialAction":[{"@type":"ReadAction","target":["https:\/\/www.hotelcabanastulum.com\/es\/reservacion\/seguro-de-viaje-2\/"]}]},{"@type":"ImageObject","inLanguage":"es","@id":"https:\/\/www.hotelcabanastulum.com\/es\/reservacion\/seguro-de-viaje-2\/#primaryimage","url":"https:\/\/www.hotelcabanastulum.com\/wp-content\/uploads\/2022\/01\/pool-3.jpg","contentUrl":"https:\/\/www.hotelcabanastulum.com\/wp-content\/uploads\/2022\/01\/pool-3.jpg","width":1920,"height":1280},{"@type":"BreadcrumbList","@id":"https:\/\/www.hotelcabanastulum.com\/es\/reservacion\/seguro-de-viaje-2\/#breadcrumb","itemListElement":[{"@type":"ListItem","position":1,"name":"Home","item":"https:\/\/www.hotelcabanastulum.com\/es\/"},{"@type":"ListItem","position":2,"name":"Reservaciones","item":"https:\/\/www.hotelcabanastulum.com\/es\/reservacion\/"},{"@type":"ListItem","position":3,"name":"Seguro De Viaje"}]},{"@type":"WebSite","@id":"https:\/\/www.hotelcabanastulum.com\/#website","url":"https:\/\/www.hotelcabanastulum.com\/","name":"Hotel Caba\u00f1as Tulum","description":"Un nuovo sito targato WordPress","publisher":{"@id":"https:\/\/www.hotelcabanastulum.com\/#organization"},"potentialAction":[{"@type":"SearchAction","target":{"@type":"EntryPoint","urlTemplate":"https:\/\/www.hotelcabanastulum.com\/?s={search_term_string}"},"query-input":{"@type":"PropertyValueSpecification","valueRequired":true,"valueName":"search_term_string"}}],"inLanguage":"es"},{"@type":"Organization","@id":"https:\/\/www.hotelcabanastulum.com\/#organization","name":"Caba\u00f1as Tulum Hotel","url":"https:\/\/www.hotelcabanastulum.com\/","logo":{"@type":"ImageObject","inLanguage":"es","@id":"https:\/\/www.hotelcabanastulum.com\/#\/schema\/logo\/image\/","url":"http:\/\/www.hotelcabanastulum.com\/wp-content\/uploads\/2017\/05\/hotel-cabanas-tulum_logo.png","contentUrl":"http:\/\/www.hotelcabanastulum.com\/wp-content\/uploads\/2017\/05\/hotel-cabanas-tulum_logo.png","width":227,"height":62,"caption":"Caba\u00f1as Tulum Hotel"},"image":{"@id":"https:\/\/www.hotelcabanastulum.com\/#\/schema\/logo\/image\/"}}]}},"_links":{"self":[{"href":"https:\/\/www.hotelcabanastulum.com\/es\/wp-json\/wp\/v2\/pages\/26967","targetHints":{"allow":["GET"]}}],"collection":[{"href":"https:\/\/www.hotelcabanastulum.com\/es\/wp-json\/wp\/v2\/pages"}],"about":[{"href":"https:\/\/www.hotelcabanastulum.com\/es\/wp-json\/wp\/v2\/types\/page"}],"author":[{"embeddable":true,"href":"https:\/\/www.hotelcabanastulum.com\/es\/wp-json\/wp\/v2\/users\/1"}],"replies":[{"embeddable":true,"href":"https:\/\/www.hotelcabanastulum.com\/es\/wp-json\/wp\/v2\/comments?post=26967"}],"version-history":[{"count":1,"href":"https:\/\/www.hotelcabanastulum.com\/es\/wp-json\/wp\/v2\/pages\/26967\/revisions"}],"predecessor-version":[{"id":31734,"href":"https:\/\/www.hotelcabanastulum.com\/es\/wp-json\/wp\/v2\/pages\/26967\/revisions\/31734"}],"up":[{"embeddable":true,"href":"https:\/\/www.hotelcabanastulum.com\/es\/wp-json\/wp\/v2\/pages\/1782"}],"wp:featuredmedia":[{"embeddable":true,"href":"https:\/\/www.hotelcabanastulum.com\/es\/wp-json\/wp\/v2\/media\/31733"}],"wp:attachment":[{"href":"https:\/\/www.hotelcabanastulum.com\/es\/wp-json\/wp\/v2\/media?parent=26967"}],"curies":[{"name":"wp","href":"https:\/\/api.w.org\/{rel}","templated":true}]}}