{"id":1856,"date":"2017-07-27T17:46:17","date_gmt":"2017-07-27T15:46:17","guid":{"rendered":"http:\/\/www.hotelcabanastulum.com\/transfer\/"},"modified":"2024-02-12T11:43:31","modified_gmt":"2024-02-12T10:43:31","slug":"traslados","status":"publish","type":"page","link":"https:\/\/www.hotelcabanastulum.com\/es\/traslados\/","title":{"rendered":"Traslados al Hotel"},"content":{"rendered":"<div class=\"wpb-content-wrapper\"><p>[vc_row color_set=\u00bbwhite_section\u00bb css_animation=\u00bbfadeIn\u00bb][vc_column width=\u00bb5\/6&#8243; offset=\u00bbvc_col-sm-offset-1&#8243;][vc_column_text]<\/p>\n<h1 style=\"text-align: center;\">Traslados al Hotel<\/h1>\n<p>[\/vc_column_text][vc_column_text css=\u00bb.vc_custom_1707734606116{margin-bottom: 60px !important;}\u00bb]D\u00e9jenos arreglarle un traslado privado de ida y vuelta desde el <strong>Aeropuerto Internacional de Canc\u00fan (CUN) <\/strong>a nuestro hotel de playa, Caba\u00f1as Tulum. El trasaldo de aproximadamente 2 horas le llevar\u00e0 a sus merecidas vacaciones donde nuestra sabrosa comida mexicana y c\u00f3cteles caribe\u00f1os le esperan en <a href=\"\/es\/restaurante-ziggy\/\">Ziggy&#8217;s Restaurant<\/a> and <a href=\"\/es\/club-de-playa-ziggy\/\">Beach Club<\/a>.<\/p>\n<p>Le ofrecemos a nuestros clientes un servicio especial y fiable de traslado al aeropuerto, disponible las 24 horas. No hay recargo por salidas en la madrugada o llegadas tard\u00edas.<\/p>\n<p>Todos los servicios de transporte deben ser solicitados <u>a m\u00e1s tardar 48 horas antes de la fecha de llegada<\/u>.<\/p>\n<p>Tenga en cuenta que todas las solicitudes de transferencia deben ser confirmadas por correo electr\u00f3nico. Nuestro personal de recepci\u00f3n le enviar\u00e1 un correo electr\u00f3nico de confirmaci\u00f3n una vez que hayamos procesado su solicitud. Usted puede cargar el servicio de traslado a su habitaci\u00f3n. Las tarifas indicadas no incluyan propina para los conductores.<\/p>\n<p>Si vuela al\u00a0<strong>Aeropuerto Internacional de Tulum (TQO)<\/strong>, cont\u00e1ctenos para conocer las tarifas.[\/vc_column_text][vc_column_text el_class=\u00bbtext-center\u00bb]\n<table id=\"tablepress-16\" class=\"tablepress tablepress-id-16 rates\">\n<thead>\n<tr class=\"row-1\">\n\t<th class=\"column-1\">Standard<\/th><th class=\"column-2\"><h4>Viaje redondo<\/h4><\/th><th class=\"column-3\"><h4>Ida<\/h4><\/th>\n<\/tr>\n<\/thead>\n<tbody class=\"row-striping row-hover\">\n<tr class=\"row-2\">\n\t<td class=\"column-1\"><h5>1 - 6 Pasajeros Van<\/h5><\/td><td class=\"column-2\">USD 318.00<\/td><td class=\"column-3\">USD 159.00<\/td>\n<\/tr>\n<tr class=\"row-3\">\n\t<td class=\"column-1\"><h5>7 - 11 Pasajeros Minibus<\/h5><\/td><td class=\"column-2\">USD 420.00<\/td><td class=\"column-3\">USD 210.00<\/td>\n<\/tr>\n<tr class=\"row-4\">\n\t<td class=\"column-1\"><\/td><td class=\"column-2\"><a class=\"btn btn-primary\" href=\"mailto:recepcion@hotelcabanastulum.com\">Solic\u00ecte<\/a><\/td><td class=\"column-3\"><a class=\"btn btn-primary\" href=\"mailto:recepcion@hotelcabanastulum.com\">Solic\u00ecte<\/a><\/td>\n<\/tr>\n<\/tbody>\n<\/table>\n<!-- #tablepress-16 from cache -->[\/vc_column_text][vc_column_text]<\/p>\n<h4 class=\"gb-headline gb-headline-d4598a0b gb-headline-text\">Incluido en su transportaci\u00f3n<\/h4>\n<ul>\n<li>Autos privados, aire acondicionado.<\/li>\n<li>Wi fi, cargadores de tel\u00e9fono<\/li>\n<li>Toallas refrescantes<\/li>\n<li>Botellas de agua de bienvenida<\/li>\n<\/ul>\n<p>[\/vc_column_text][vc_column_text][\/vc_column_text][vc_column_text]\n<table id=\"tablepress-49\" class=\"tablepress tablepress-id-49 rates\">\n<thead>\n<tr class=\"row-1\">\n\t<th class=\"column-1\">Luxe<\/th><th class=\"column-2\"><h4>Viaje redondo<\/h4><\/th><th class=\"column-3\"><h4>Ida<\/h4><\/th>\n<\/tr>\n<\/thead>\n<tbody class=\"row-striping row-hover\">\n<tr class=\"row-2\">\n\t<td class=\"column-1\"><h5>1 \u2013 4 pasajeros Mercedes<\/h5><\/td><td class=\"column-2\">USD 394.00<\/td><td class=\"column-3\">USD 197.00<\/td>\n<\/tr>\n<tr class=\"row-3\">\n\t<td class=\"column-1\"><h5>1 \u2013 6 pasajeros High Country<\/h5><\/td><td class=\"column-2\">USD 594.00<\/td><td class=\"column-3\">USD 297.00<\/td>\n<\/tr>\n<tr class=\"row-4\">\n\t<td class=\"column-1\"><\/td><td class=\"column-2\"><a class=\"btn btn-primary\" href=\"mailto:recepcion@hotelcabanastulum.com\">Solic\u00ecte<\/a><\/td><td class=\"column-3\"><a class=\"btn btn-primary\" href=\"mailto:recepcion@hotelcabanastulum.com\">Solic\u00ecte<\/a><\/td>\n<\/tr>\n<\/tbody>\n<\/table>\n<!-- #tablepress-49 from cache -->[\/vc_column_text][vc_column_text]<\/p>\n<h4 class=\"gb-headline gb-headline-b3d705e3 gb-headline-text\">Incluido en su transportaci\u00f3n<\/h4>\n<ul>\n<li>Cerveza y agua embotellada<\/li>\n<li>Wi fi, cargadores de tel\u00e9fono<\/li>\n<li>Asientos de cuero<\/li>\n<li>Toallas h\u00famedas de bienvenida<\/li>\n<li>Dispositivo GPS para control de velocidad<\/li>\n<li>Asistencia al cliente 24 horas al d\u00eda, 7 d\u00edas a la semana<\/li>\n<\/ul>\n<p>[\/vc_column_text][\/vc_column][\/vc_row]<\/p>\n<\/div>","protected":false},"excerpt":{"rendered":"<div class=\"wpb-content-wrapper\">\n<p>[vc_row color_set=\u00bbwhite_section\u00bb css_animation=\u00bbfadeIn\u00bb][vc_column width=\u00bb5\/6&#8243; offset=\u00bbvc_col-sm-offset-1&#8243;][vc_column_text]<\/p>\n<h1 style=\"text-align: center;\">Traslados al Hotel<\/h1>\n<p>[\/vc_column_text][vc_column_text css=\u00bb.vc_custom_1707734606116{margin-bottom: 60px !important;}\u00bb]D\u00e9jenos arreglarle un traslado privado de ida y vuelta desde el <strong>Aeropuerto Internacional de Canc\u00fan (CUN) <\/strong>a nuestro hotel de playa, Caba\u00f1as Tulum. El trasaldo de aproximadamente 2 horas le llevar\u00e0 a sus merecidas vacaciones donde nuestra sabrosa comida mexicana y c\u00f3cteles caribe\u00f1os le esperan en <a href=\"\/es\/restaurante-ziggy\/\">Ziggy&#8217;s Restaurant<\/a> and <a href=\"\/es\/club-de-playa-ziggy\/\">Beach Club<\/a>.<\/p>\n<p>Le ofrecemos a nuestros clientes un servicio especial y fiable de traslado al aeropuerto,<\/p>\n<\/div>\n","protected":false},"author":1,"featured_media":1100,"parent":0,"menu_order":0,"comment_status":"closed","ping_status":"closed","template":"","meta":{"_acf_changed":false,"inline_featured_image":false,"footnotes":""},"class_list":["post-1856","page","type-page","status-publish","has-post-thumbnail","hentry"],"acf":[],"yoast_head":"<!-- This site is optimized with the Yoast SEO plugin v24.6 - https:\/\/yoast.com\/wordpress\/plugins\/seo\/ -->\n<title>Traslados al Hotel | CABA\u00d1AS TULUM HOTEL<\/title>\n<meta name=\"description\" content=\"Nuestro Hotel en Tulum ofrece servicio de traslado desde el Aeropuerto Internacional de Canc\u00fan\" \/>\n<meta name=\"robots\" content=\"index, follow, max-snippet:-1, max-image-preview:large, max-video-preview:-1\" \/>\n<link rel=\"canonical\" href=\"https:\/\/www.hotelcabanastulum.com\/transfer\/\" \/>\n<meta property=\"og:locale\" content=\"es_ES\" \/>\n<meta property=\"og:type\" content=\"article\" \/>\n<meta property=\"og:title\" content=\"Traslados al Hotel | CABA\u00d1AS TULUM HOTEL\" \/>\n<meta property=\"og:description\" content=\"Nuestro Hotel en Tulum ofrece servicio de traslado desde el Aeropuerto Internacional de Canc\u00fan\" \/>\n<meta property=\"og:url\" content=\"https:\/\/www.hotelcabanastulum.com\/transfer\/\" \/>\n<meta property=\"og:site_name\" content=\"Hotel Caba\u00f1as Tulum\" \/>\n<meta property=\"article:modified_time\" content=\"2024-02-12T10:43:31+00:00\" \/>\n<meta property=\"og:image\" content=\"https:\/\/www.hotelcabanastulum.com\/wp-content\/uploads\/2017\/06\/prices-accomodations_h.jpg\" \/>\n\t<meta property=\"og:image:width\" content=\"1920\" \/>\n\t<meta property=\"og:image:height\" content=\"750\" \/>\n\t<meta property=\"og:image:type\" content=\"image\/jpeg\" \/>\n<meta name=\"twitter:card\" content=\"summary_large_image\" \/>\n<meta name=\"twitter:label1\" content=\"Tiempo de lectura\" \/>\n\t<meta name=\"twitter:data1\" content=\"2 minutos\" \/>\n<script type=\"application\/ld+json\" class=\"yoast-schema-graph\">{\"@context\":\"https:\/\/schema.org\",\"@graph\":[{\"@type\":\"WebPage\",\"@id\":\"https:\/\/www.hotelcabanastulum.com\/transfer\/\",\"url\":\"https:\/\/www.hotelcabanastulum.com\/transfer\/\",\"name\":\"Traslados al Hotel | CABA\u00d1AS TULUM HOTEL\",\"isPartOf\":{\"@id\":\"https:\/\/www.hotelcabanastulum.com\/#website\"},\"primaryImageOfPage\":{\"@id\":\"https:\/\/www.hotelcabanastulum.com\/transfer\/#primaryimage\"},\"image\":{\"@id\":\"https:\/\/www.hotelcabanastulum.com\/transfer\/#primaryimage\"},\"thumbnailUrl\":\"https:\/\/www.hotelcabanastulum.com\/wp-content\/uploads\/2017\/06\/prices-accomodations_h.jpg\",\"datePublished\":\"2017-07-27T15:46:17+00:00\",\"dateModified\":\"2024-02-12T10:43:31+00:00\",\"description\":\"Nuestro Hotel en Tulum ofrece servicio de traslado desde el Aeropuerto Internacional de Canc\u00fan\",\"breadcrumb\":{\"@id\":\"https:\/\/www.hotelcabanastulum.com\/transfer\/#breadcrumb\"},\"inLanguage\":\"es\",\"potentialAction\":[{\"@type\":\"ReadAction\",\"target\":[\"https:\/\/www.hotelcabanastulum.com\/transfer\/\"]}]},{\"@type\":\"ImageObject\",\"inLanguage\":\"es\",\"@id\":\"https:\/\/www.hotelcabanastulum.com\/transfer\/#primaryimage\",\"url\":\"https:\/\/www.hotelcabanastulum.com\/wp-content\/uploads\/2017\/06\/prices-accomodations_h.jpg\",\"contentUrl\":\"https:\/\/www.hotelcabanastulum.com\/wp-content\/uploads\/2017\/06\/prices-accomodations_h.jpg\",\"width\":1920,\"height\":750},{\"@type\":\"BreadcrumbList\",\"@id\":\"https:\/\/www.hotelcabanastulum.com\/transfer\/#breadcrumb\",\"itemListElement\":[{\"@type\":\"ListItem\",\"position\":1,\"name\":\"Home\",\"item\":\"https:\/\/www.hotelcabanastulum.com\/es\/\"},{\"@type\":\"ListItem\",\"position\":2,\"name\":\"Traslados al Hotel\"}]},{\"@type\":\"WebSite\",\"@id\":\"https:\/\/www.hotelcabanastulum.com\/#website\",\"url\":\"https:\/\/www.hotelcabanastulum.com\/\",\"name\":\"Hotel Caba\u00f1as Tulum\",\"description\":\"Un nuovo sito targato WordPress\",\"publisher\":{\"@id\":\"https:\/\/www.hotelcabanastulum.com\/#organization\"},\"potentialAction\":[{\"@type\":\"SearchAction\",\"target\":{\"@type\":\"EntryPoint\",\"urlTemplate\":\"https:\/\/www.hotelcabanastulum.com\/?s={search_term_string}\"},\"query-input\":{\"@type\":\"PropertyValueSpecification\",\"valueRequired\":true,\"valueName\":\"search_term_string\"}}],\"inLanguage\":\"es\"},{\"@type\":\"Organization\",\"@id\":\"https:\/\/www.hotelcabanastulum.com\/#organization\",\"name\":\"Caba\u00f1as Tulum Hotel\",\"url\":\"https:\/\/www.hotelcabanastulum.com\/\",\"logo\":{\"@type\":\"ImageObject\",\"inLanguage\":\"es\",\"@id\":\"https:\/\/www.hotelcabanastulum.com\/#\/schema\/logo\/image\/\",\"url\":\"http:\/\/www.hotelcabanastulum.com\/wp-content\/uploads\/2017\/05\/hotel-cabanas-tulum_logo.png\",\"contentUrl\":\"http:\/\/www.hotelcabanastulum.com\/wp-content\/uploads\/2017\/05\/hotel-cabanas-tulum_logo.png\",\"width\":227,\"height\":62,\"caption\":\"Caba\u00f1as Tulum Hotel\"},\"image\":{\"@id\":\"https:\/\/www.hotelcabanastulum.com\/#\/schema\/logo\/image\/\"}}]}<\/script>\n<!-- \/ Yoast SEO plugin. -->","yoast_head_json":{"title":"Traslados al Hotel | CABA\u00d1AS TULUM HOTEL","description":"Nuestro Hotel en Tulum ofrece servicio de traslado desde el Aeropuerto Internacional de Canc\u00fan","robots":{"index":"index","follow":"follow","max-snippet":"max-snippet:-1","max-image-preview":"max-image-preview:large","max-video-preview":"max-video-preview:-1"},"canonical":"https:\/\/www.hotelcabanastulum.com\/transfer\/","og_locale":"es_ES","og_type":"article","og_title":"Traslados al Hotel | CABA\u00d1AS TULUM HOTEL","og_description":"Nuestro Hotel en Tulum ofrece servicio de traslado desde el Aeropuerto Internacional de Canc\u00fan","og_url":"https:\/\/www.hotelcabanastulum.com\/transfer\/","og_site_name":"Hotel Caba\u00f1as Tulum","article_modified_time":"2024-02-12T10:43:31+00:00","og_image":[{"width":1920,"height":750,"url":"https:\/\/www.hotelcabanastulum.com\/wp-content\/uploads\/2017\/06\/prices-accomodations_h.jpg","type":"image\/jpeg"}],"twitter_card":"summary_large_image","twitter_misc":{"Tiempo de lectura":"2 minutos"},"schema":{"@context":"https:\/\/schema.org","@graph":[{"@type":"WebPage","@id":"https:\/\/www.hotelcabanastulum.com\/transfer\/","url":"https:\/\/www.hotelcabanastulum.com\/transfer\/","name":"Traslados al Hotel | CABA\u00d1AS TULUM HOTEL","isPartOf":{"@id":"https:\/\/www.hotelcabanastulum.com\/#website"},"primaryImageOfPage":{"@id":"https:\/\/www.hotelcabanastulum.com\/transfer\/#primaryimage"},"image":{"@id":"https:\/\/www.hotelcabanastulum.com\/transfer\/#primaryimage"},"thumbnailUrl":"https:\/\/www.hotelcabanastulum.com\/wp-content\/uploads\/2017\/06\/prices-accomodations_h.jpg","datePublished":"2017-07-27T15:46:17+00:00","dateModified":"2024-02-12T10:43:31+00:00","description":"Nuestro Hotel en Tulum ofrece servicio de traslado desde el Aeropuerto Internacional de Canc\u00fan","breadcrumb":{"@id":"https:\/\/www.hotelcabanastulum.com\/transfer\/#breadcrumb"},"inLanguage":"es","potentialAction":[{"@type":"ReadAction","target":["https:\/\/www.hotelcabanastulum.com\/transfer\/"]}]},{"@type":"ImageObject","inLanguage":"es","@id":"https:\/\/www.hotelcabanastulum.com\/transfer\/#primaryimage","url":"https:\/\/www.hotelcabanastulum.com\/wp-content\/uploads\/2017\/06\/prices-accomodations_h.jpg","contentUrl":"https:\/\/www.hotelcabanastulum.com\/wp-content\/uploads\/2017\/06\/prices-accomodations_h.jpg","width":1920,"height":750},{"@type":"BreadcrumbList","@id":"https:\/\/www.hotelcabanastulum.com\/transfer\/#breadcrumb","itemListElement":[{"@type":"ListItem","position":1,"name":"Home","item":"https:\/\/www.hotelcabanastulum.com\/es\/"},{"@type":"ListItem","position":2,"name":"Traslados al Hotel"}]},{"@type":"WebSite","@id":"https:\/\/www.hotelcabanastulum.com\/#website","url":"https:\/\/www.hotelcabanastulum.com\/","name":"Hotel Caba\u00f1as Tulum","description":"Un nuovo sito targato WordPress","publisher":{"@id":"https:\/\/www.hotelcabanastulum.com\/#organization"},"potentialAction":[{"@type":"SearchAction","target":{"@type":"EntryPoint","urlTemplate":"https:\/\/www.hotelcabanastulum.com\/?s={search_term_string}"},"query-input":{"@type":"PropertyValueSpecification","valueRequired":true,"valueName":"search_term_string"}}],"inLanguage":"es"},{"@type":"Organization","@id":"https:\/\/www.hotelcabanastulum.com\/#organization","name":"Caba\u00f1as Tulum Hotel","url":"https:\/\/www.hotelcabanastulum.com\/","logo":{"@type":"ImageObject","inLanguage":"es","@id":"https:\/\/www.hotelcabanastulum.com\/#\/schema\/logo\/image\/","url":"http:\/\/www.hotelcabanastulum.com\/wp-content\/uploads\/2017\/05\/hotel-cabanas-tulum_logo.png","contentUrl":"http:\/\/www.hotelcabanastulum.com\/wp-content\/uploads\/2017\/05\/hotel-cabanas-tulum_logo.png","width":227,"height":62,"caption":"Caba\u00f1as Tulum Hotel"},"image":{"@id":"https:\/\/www.hotelcabanastulum.com\/#\/schema\/logo\/image\/"}}]}},"_links":{"self":[{"href":"https:\/\/www.hotelcabanastulum.com\/es\/wp-json\/wp\/v2\/pages\/1856","targetHints":{"allow":["GET"]}}],"collection":[{"href":"https:\/\/www.hotelcabanastulum.com\/es\/wp-json\/wp\/v2\/pages"}],"about":[{"href":"https:\/\/www.hotelcabanastulum.com\/es\/wp-json\/wp\/v2\/types\/page"}],"author":[{"embeddable":true,"href":"https:\/\/www.hotelcabanastulum.com\/es\/wp-json\/wp\/v2\/users\/1"}],"replies":[{"embeddable":true,"href":"https:\/\/www.hotelcabanastulum.com\/es\/wp-json\/wp\/v2\/comments?post=1856"}],"version-history":[{"count":0,"href":"https:\/\/www.hotelcabanastulum.com\/es\/wp-json\/wp\/v2\/pages\/1856\/revisions"}],"wp:featuredmedia":[{"embeddable":true,"href":"https:\/\/www.hotelcabanastulum.com\/es\/wp-json\/wp\/v2\/media\/1100"}],"wp:attachment":[{"href":"https:\/\/www.hotelcabanastulum.com\/es\/wp-json\/wp\/v2\/media?parent=1856"}],"curies":[{"name":"wp","href":"https:\/\/api.w.org\/{rel}","templated":true}]}}