{"id":1854,"date":"2017-09-08T15:28:06","date_gmt":"2017-09-08T13:28:06","guid":{"rendered":"http:\/\/www.hotelcabanastulum.com\/tulum-photo-gallery\/"},"modified":"2023-02-28T18:37:44","modified_gmt":"2023-02-28T17:37:44","slug":"tulum-photo-gallery","status":"publish","type":"page","link":"https:\/\/www.hotelcabanastulum.com\/es\/tulum-photo-gallery\/","title":{"rendered":"Galer\u00eda"},"content":{"rendered":"<div class=\"wpb-content-wrapper\"><p>[vc_row full_width=\u00bbstretch_row\u00bb color_set=\u00bbwhite_section\u00bb][vc_column width=\u00bb5\/6&#8243; offset=\u00bbvc_col-sm-offset-1&#8243;][vc_media_grid style=\u00bblazy\u00bb items_per_page=\u00bb18&#8243; item=\u00bbmediaGrid_FadeInWithIcon\u00bb grid_id=\u00bbvc_gid:1677603974991-ec99c485-22a9-1&#8243; include=\u00bb26902,26933,26929,22048,22098,22040,26931,22062,26935,26937,22038,22042,22196,22198,22044,22050,22052,22054,22092,22064,22103,22066,22101,22109,22669,22660,22068,22662,22664,22070,22076,22078,22107,22080,22082,22084,22086,22088,22090,22094,22096,22111,22105,1712,1730,1734,22118,22655,22671,22666&#8243; css=\u00bb.vc_custom_1677605853718{margin-top: 60px !important;background-color: #ffffff !important;}\u00bb][\/vc_column][\/vc_row]<\/p>\n<\/div>","protected":false},"excerpt":{"rendered":"<div class=\"wpb-content-wrapper\">\n<p>[vc_row full_width=\u00bbstretch_row\u00bb color_set=\u00bbwhite_section\u00bb][vc_column width=\u00bb5\/6&#8243; offset=\u00bbvc_col-sm-offset-1&#8243;][vc_media_grid style=\u00bblazy\u00bb items_per_page=\u00bb18&#8243; item=\u00bbmediaGrid_FadeInWithIcon\u00bb grid_id=\u00bbvc_gid:1677603974991-ec99c485-22a9-1&#8243; include=\u00bb26902,26933,26929,22048,22098,22040,26931,22062,26935,26937,22038,22042,22196,22198,22044,22050,22052,22054,22092,22064,22103,22066,22101,22109,22669,22660,22068,22662,22664,22070,22076,22078,22107,22080,22082,22084,22086,22088,22090,22094,22096,22111,22105,1712,1730,1734,22118,22655,22671,22666&#8243; css=\u00bb.vc_custom_1677605853718{margin-top: 60px !important;background-color: #ffffff !important;}\u00bb][\/vc_column][\/vc_row]<\/p>\n<\/div>\n","protected":false},"author":1,"featured_media":26925,"parent":0,"menu_order":0,"comment_status":"closed","ping_status":"closed","template":"","meta":{"_acf_changed":false,"inline_featured_image":false,"footnotes":""},"class_list":["post-1854","page","type-page","status-publish","has-post-thumbnail","hentry"],"acf":[],"yoast_head":"<!-- This site is optimized with the Yoast SEO plugin v24.6 - https:\/\/yoast.com\/wordpress\/plugins\/seo\/ -->\n<title>Galer\u00eda de fotos Tulum | CABA\u00d1AS TULUM HOTEL<\/title>\n<meta name=\"description\" content=\"En esta p\u00e1gina puede encontrar la galer\u00eda de fotos de Tulum y del Hotel Caba\u00f1as Tulum.\" \/>\n<meta name=\"robots\" content=\"index, follow, max-snippet:-1, max-image-preview:large, max-video-preview:-1\" \/>\n<link rel=\"canonical\" href=\"https:\/\/www.hotelcabanastulum.com\/tulum-photo-gallery\/\" \/>\n<meta property=\"og:locale\" content=\"es_ES\" \/>\n<meta property=\"og:type\" content=\"article\" \/>\n<meta property=\"og:title\" content=\"Galer\u00eda de fotos Tulum | CABA\u00d1AS TULUM HOTEL\" \/>\n<meta property=\"og:description\" content=\"En esta p\u00e1gina puede encontrar la galer\u00eda de fotos de Tulum y del Hotel Caba\u00f1as Tulum.\" \/>\n<meta property=\"og:url\" content=\"https:\/\/www.hotelcabanastulum.com\/tulum-photo-gallery\/\" \/>\n<meta property=\"og:site_name\" content=\"Hotel Caba\u00f1as Tulum\" \/>\n<meta property=\"article:modified_time\" content=\"2023-02-28T17:37:44+00:00\" \/>\n<meta property=\"og:image\" content=\"https:\/\/www.hotelcabanastulum.com\/wp-content\/uploads\/2022\/01\/lobby1.jpg\" \/>\n\t<meta property=\"og:image:width\" content=\"1920\" \/>\n\t<meta property=\"og:image:height\" content=\"1280\" \/>\n\t<meta property=\"og:image:type\" content=\"image\/jpeg\" \/>\n<meta name=\"twitter:card\" content=\"summary_large_image\" \/>\n<meta name=\"twitter:label1\" content=\"Tiempo de lectura\" \/>\n\t<meta name=\"twitter:data1\" content=\"1 minuto\" \/>\n<script type=\"application\/ld+json\" class=\"yoast-schema-graph\">{\"@context\":\"https:\/\/schema.org\",\"@graph\":[{\"@type\":\"WebPage\",\"@id\":\"https:\/\/www.hotelcabanastulum.com\/tulum-photo-gallery\/\",\"url\":\"https:\/\/www.hotelcabanastulum.com\/tulum-photo-gallery\/\",\"name\":\"Galer\u00eda de fotos Tulum | CABA\u00d1AS TULUM HOTEL\",\"isPartOf\":{\"@id\":\"https:\/\/www.hotelcabanastulum.com\/#website\"},\"primaryImageOfPage\":{\"@id\":\"https:\/\/www.hotelcabanastulum.com\/tulum-photo-gallery\/#primaryimage\"},\"image\":{\"@id\":\"https:\/\/www.hotelcabanastulum.com\/tulum-photo-gallery\/#primaryimage\"},\"thumbnailUrl\":\"https:\/\/www.hotelcabanastulum.com\/wp-content\/uploads\/2022\/01\/lobby1.jpg\",\"datePublished\":\"2017-09-08T13:28:06+00:00\",\"dateModified\":\"2023-02-28T17:37:44+00:00\",\"description\":\"En esta p\u00e1gina puede encontrar la galer\u00eda de fotos de Tulum y del Hotel Caba\u00f1as Tulum.\",\"breadcrumb\":{\"@id\":\"https:\/\/www.hotelcabanastulum.com\/tulum-photo-gallery\/#breadcrumb\"},\"inLanguage\":\"es\",\"potentialAction\":[{\"@type\":\"ReadAction\",\"target\":[\"https:\/\/www.hotelcabanastulum.com\/tulum-photo-gallery\/\"]}]},{\"@type\":\"ImageObject\",\"inLanguage\":\"es\",\"@id\":\"https:\/\/www.hotelcabanastulum.com\/tulum-photo-gallery\/#primaryimage\",\"url\":\"https:\/\/www.hotelcabanastulum.com\/wp-content\/uploads\/2022\/01\/lobby1.jpg\",\"contentUrl\":\"https:\/\/www.hotelcabanastulum.com\/wp-content\/uploads\/2022\/01\/lobby1.jpg\",\"width\":1920,\"height\":1280},{\"@type\":\"BreadcrumbList\",\"@id\":\"https:\/\/www.hotelcabanastulum.com\/tulum-photo-gallery\/#breadcrumb\",\"itemListElement\":[{\"@type\":\"ListItem\",\"position\":1,\"name\":\"Home\",\"item\":\"https:\/\/www.hotelcabanastulum.com\/es\/\"},{\"@type\":\"ListItem\",\"position\":2,\"name\":\"Galer\u00eda\"}]},{\"@type\":\"WebSite\",\"@id\":\"https:\/\/www.hotelcabanastulum.com\/#website\",\"url\":\"https:\/\/www.hotelcabanastulum.com\/\",\"name\":\"Hotel Caba\u00f1as Tulum\",\"description\":\"Un nuovo sito targato WordPress\",\"publisher\":{\"@id\":\"https:\/\/www.hotelcabanastulum.com\/#organization\"},\"potentialAction\":[{\"@type\":\"SearchAction\",\"target\":{\"@type\":\"EntryPoint\",\"urlTemplate\":\"https:\/\/www.hotelcabanastulum.com\/?s={search_term_string}\"},\"query-input\":{\"@type\":\"PropertyValueSpecification\",\"valueRequired\":true,\"valueName\":\"search_term_string\"}}],\"inLanguage\":\"es\"},{\"@type\":\"Organization\",\"@id\":\"https:\/\/www.hotelcabanastulum.com\/#organization\",\"name\":\"Caba\u00f1as Tulum Hotel\",\"url\":\"https:\/\/www.hotelcabanastulum.com\/\",\"logo\":{\"@type\":\"ImageObject\",\"inLanguage\":\"es\",\"@id\":\"https:\/\/www.hotelcabanastulum.com\/#\/schema\/logo\/image\/\",\"url\":\"http:\/\/www.hotelcabanastulum.com\/wp-content\/uploads\/2017\/05\/hotel-cabanas-tulum_logo.png\",\"contentUrl\":\"http:\/\/www.hotelcabanastulum.com\/wp-content\/uploads\/2017\/05\/hotel-cabanas-tulum_logo.png\",\"width\":227,\"height\":62,\"caption\":\"Caba\u00f1as Tulum Hotel\"},\"image\":{\"@id\":\"https:\/\/www.hotelcabanastulum.com\/#\/schema\/logo\/image\/\"}}]}<\/script>\n<!-- \/ Yoast SEO plugin. -->","yoast_head_json":{"title":"Galer\u00eda de fotos Tulum | CABA\u00d1AS TULUM HOTEL","description":"En esta p\u00e1gina puede encontrar la galer\u00eda de fotos de Tulum y del Hotel Caba\u00f1as Tulum.","robots":{"index":"index","follow":"follow","max-snippet":"max-snippet:-1","max-image-preview":"max-image-preview:large","max-video-preview":"max-video-preview:-1"},"canonical":"https:\/\/www.hotelcabanastulum.com\/tulum-photo-gallery\/","og_locale":"es_ES","og_type":"article","og_title":"Galer\u00eda de fotos Tulum | CABA\u00d1AS TULUM HOTEL","og_description":"En esta p\u00e1gina puede encontrar la galer\u00eda de fotos de Tulum y del Hotel Caba\u00f1as Tulum.","og_url":"https:\/\/www.hotelcabanastulum.com\/tulum-photo-gallery\/","og_site_name":"Hotel Caba\u00f1as Tulum","article_modified_time":"2023-02-28T17:37:44+00:00","og_image":[{"width":1920,"height":1280,"url":"https:\/\/www.hotelcabanastulum.com\/wp-content\/uploads\/2022\/01\/lobby1.jpg","type":"image\/jpeg"}],"twitter_card":"summary_large_image","twitter_misc":{"Tiempo de lectura":"1 minuto"},"schema":{"@context":"https:\/\/schema.org","@graph":[{"@type":"WebPage","@id":"https:\/\/www.hotelcabanastulum.com\/tulum-photo-gallery\/","url":"https:\/\/www.hotelcabanastulum.com\/tulum-photo-gallery\/","name":"Galer\u00eda de fotos Tulum | CABA\u00d1AS TULUM HOTEL","isPartOf":{"@id":"https:\/\/www.hotelcabanastulum.com\/#website"},"primaryImageOfPage":{"@id":"https:\/\/www.hotelcabanastulum.com\/tulum-photo-gallery\/#primaryimage"},"image":{"@id":"https:\/\/www.hotelcabanastulum.com\/tulum-photo-gallery\/#primaryimage"},"thumbnailUrl":"https:\/\/www.hotelcabanastulum.com\/wp-content\/uploads\/2022\/01\/lobby1.jpg","datePublished":"2017-09-08T13:28:06+00:00","dateModified":"2023-02-28T17:37:44+00:00","description":"En esta p\u00e1gina puede encontrar la galer\u00eda de fotos de Tulum y del Hotel Caba\u00f1as Tulum.","breadcrumb":{"@id":"https:\/\/www.hotelcabanastulum.com\/tulum-photo-gallery\/#breadcrumb"},"inLanguage":"es","potentialAction":[{"@type":"ReadAction","target":["https:\/\/www.hotelcabanastulum.com\/tulum-photo-gallery\/"]}]},{"@type":"ImageObject","inLanguage":"es","@id":"https:\/\/www.hotelcabanastulum.com\/tulum-photo-gallery\/#primaryimage","url":"https:\/\/www.hotelcabanastulum.com\/wp-content\/uploads\/2022\/01\/lobby1.jpg","contentUrl":"https:\/\/www.hotelcabanastulum.com\/wp-content\/uploads\/2022\/01\/lobby1.jpg","width":1920,"height":1280},{"@type":"BreadcrumbList","@id":"https:\/\/www.hotelcabanastulum.com\/tulum-photo-gallery\/#breadcrumb","itemListElement":[{"@type":"ListItem","position":1,"name":"Home","item":"https:\/\/www.hotelcabanastulum.com\/es\/"},{"@type":"ListItem","position":2,"name":"Galer\u00eda"}]},{"@type":"WebSite","@id":"https:\/\/www.hotelcabanastulum.com\/#website","url":"https:\/\/www.hotelcabanastulum.com\/","name":"Hotel Caba\u00f1as Tulum","description":"Un nuovo sito targato WordPress","publisher":{"@id":"https:\/\/www.hotelcabanastulum.com\/#organization"},"potentialAction":[{"@type":"SearchAction","target":{"@type":"EntryPoint","urlTemplate":"https:\/\/www.hotelcabanastulum.com\/?s={search_term_string}"},"query-input":{"@type":"PropertyValueSpecification","valueRequired":true,"valueName":"search_term_string"}}],"inLanguage":"es"},{"@type":"Organization","@id":"https:\/\/www.hotelcabanastulum.com\/#organization","name":"Caba\u00f1as Tulum Hotel","url":"https:\/\/www.hotelcabanastulum.com\/","logo":{"@type":"ImageObject","inLanguage":"es","@id":"https:\/\/www.hotelcabanastulum.com\/#\/schema\/logo\/image\/","url":"http:\/\/www.hotelcabanastulum.com\/wp-content\/uploads\/2017\/05\/hotel-cabanas-tulum_logo.png","contentUrl":"http:\/\/www.hotelcabanastulum.com\/wp-content\/uploads\/2017\/05\/hotel-cabanas-tulum_logo.png","width":227,"height":62,"caption":"Caba\u00f1as Tulum Hotel"},"image":{"@id":"https:\/\/www.hotelcabanastulum.com\/#\/schema\/logo\/image\/"}}]}},"_links":{"self":[{"href":"https:\/\/www.hotelcabanastulum.com\/es\/wp-json\/wp\/v2\/pages\/1854","targetHints":{"allow":["GET"]}}],"collection":[{"href":"https:\/\/www.hotelcabanastulum.com\/es\/wp-json\/wp\/v2\/pages"}],"about":[{"href":"https:\/\/www.hotelcabanastulum.com\/es\/wp-json\/wp\/v2\/types\/page"}],"author":[{"embeddable":true,"href":"https:\/\/www.hotelcabanastulum.com\/es\/wp-json\/wp\/v2\/users\/1"}],"replies":[{"embeddable":true,"href":"https:\/\/www.hotelcabanastulum.com\/es\/wp-json\/wp\/v2\/comments?post=1854"}],"version-history":[{"count":0,"href":"https:\/\/www.hotelcabanastulum.com\/es\/wp-json\/wp\/v2\/pages\/1854\/revisions"}],"wp:featuredmedia":[{"embeddable":true,"href":"https:\/\/www.hotelcabanastulum.com\/es\/wp-json\/wp\/v2\/media\/26925"}],"wp:attachment":[{"href":"https:\/\/www.hotelcabanastulum.com\/es\/wp-json\/wp\/v2\/media?parent=1854"}],"curies":[{"name":"wp","href":"https:\/\/api.w.org\/{rel}","templated":true}]}}