{"id":1782,"date":"2016-11-24T18:12:01","date_gmt":"2016-11-24T17:12:01","guid":{"rendered":"http:\/\/www.hotelcabanastulum.com\/booking\/"},"modified":"2024-10-30T12:14:46","modified_gmt":"2024-10-30T11:14:46","slug":"reservacion","status":"publish","type":"page","link":"https:\/\/www.hotelcabanastulum.com\/es\/reservacion\/","title":{"rendered":"Reservaciones"},"content":{"rendered":"<div class=\"wpb-content-wrapper\"><p>[vc_row css=\u00bb.vc_custom_1730286853294{margin-top: 240px !important;margin-bottom: 0px !important;padding-bottom: 0px !important;}\u00bb el_class=\u00bbmt-90&#8243;][vc_column][vc_column_text]<\/p>\n<h1 style=\"text-align: center;\">Reservaciones<\/h1>\n<p>[\/vc_column_text][\/vc_column][\/vc_row][vc_row][vc_column width=\u00bb2\/3&#8243; el_class=\u00bblarge_form col-sm-push-4&#8243;][vc_column_text]Esta no es una confirmaci\u00f3n. Nuestro equipo de reservas se pondr\u00e1 en contacto pronto con la disponibilidad en tiempo real.<br \/>\nGracias[\/vc_column_text]\n<div class=\"wpcf7 no-js\" id=\"wpcf7-f1785-o1\" lang=\"es-ES\" dir=\"ltr\" data-wpcf7-id=\"1785\">\n<div class=\"screen-reader-response\"><p role=\"status\" aria-live=\"polite\" aria-atomic=\"true\"><\/p> <ul><\/ul><\/div>\n<form action=\"\/es\/wp-json\/wp\/v2\/pages\/1782#wpcf7-f1785-o1\" method=\"post\" class=\"wpcf7-form init\" aria-label=\"Formulario de contacto\" novalidate=\"novalidate\" data-status=\"init\">\n<div style=\"display: none;\">\n<input type=\"hidden\" name=\"_wpcf7\" value=\"1785\" \/>\n<input type=\"hidden\" name=\"_wpcf7_version\" value=\"6.0.5\" \/>\n<input type=\"hidden\" name=\"_wpcf7_locale\" value=\"es_ES\" \/>\n<input type=\"hidden\" name=\"_wpcf7_unit_tag\" value=\"wpcf7-f1785-o1\" \/>\n<input type=\"hidden\" name=\"_wpcf7_container_post\" value=\"0\" \/>\n<input type=\"hidden\" name=\"_wpcf7_posted_data_hash\" value=\"\" \/>\n<input type=\"hidden\" name=\"_wpcf7cf_hidden_group_fields\" value=\"[]\" \/>\n<input type=\"hidden\" name=\"_wpcf7cf_hidden_groups\" value=\"[]\" \/>\n<input type=\"hidden\" name=\"_wpcf7cf_visible_groups\" value=\"[]\" \/>\n<input type=\"hidden\" name=\"_wpcf7cf_repeaters\" value=\"[]\" \/>\n<input type=\"hidden\" name=\"_wpcf7cf_steps\" value=\"{}\" \/>\n<input type=\"hidden\" name=\"_wpcf7cf_options\" value=\"{&quot;form_id&quot;:1785,&quot;conditions&quot;:[{&quot;then_field&quot;:&quot;number-others&quot;,&quot;and_rules&quot;:[{&quot;if_field&quot;:&quot;posts-384&quot;,&quot;operator&quot;:&quot;not equals&quot;,&quot;if_value&quot;:&quot;Loft Vanilla&quot;}]},{&quot;then_field&quot;:&quot;number-loft-vanilla&quot;,&quot;and_rules&quot;:[{&quot;if_field&quot;:&quot;posts-384&quot;,&quot;operator&quot;:&quot;equals&quot;,&quot;if_value&quot;:&quot;Loft Vanilla&quot;}]}],&quot;settings&quot;:{&quot;animation&quot;:&quot;yes&quot;,&quot;animation_intime&quot;:200,&quot;animation_outtime&quot;:200,&quot;conditions_ui&quot;:&quot;normal&quot;,&quot;notice_dismissed&quot;:false,&quot;notice_dismissed_update-cf7-5.4.1&quot;:true,&quot;notice_dismissed_rollback-cf7-5.6.4&quot;:true}}\" \/>\n<input type=\"hidden\" name=\"_wpcf7_recaptcha_response\" value=\"\" \/>\n<\/div>\n<div id=\"contact-form\">\n\t<div class=\"row\">\n\t\t<div class=\"col-sm-12\">\n\t\t\t<p><label>Nombre<\/label><span class=\"wpcf7-form-control-wrap\" data-name=\"your-name\"><input size=\"40\" maxlength=\"400\" class=\"wpcf7-form-control wpcf7-text wpcf7-validates-as-required name\" aria-required=\"true\" aria-invalid=\"false\" placeholder=\"Favor de llenar con su nombre y apellido\" value=\"\" type=\"text\" name=\"your-name\" \/><\/span>\n\t\t\t<\/p>\n\t\t<\/div>\n\t<\/div>\n\t<div class=\"row\">\n\t\t<div class=\"col-sm-6\">\n\t\t\t<p><label>Cliente<\/label><span class=\"wpcf7-form-control-wrap\" data-name=\"guest-type\"><select class=\"wpcf7-form-control wpcf7-select wpcf7-validates-as-required\" aria-required=\"true\" aria-invalid=\"false\" name=\"guest-type\"><option value=\"\">&#8212;Por favor, elige una opci\u00f3n&#8212;<\/option><option value=\"Cliente nuevo\">Cliente nuevo<\/option><option value=\"Cliente repetitivo\">Cliente repetitivo<\/option><\/select><\/span>\n\t\t\t<\/p>\n\t\t<\/div>\n\t\t<div class=\"col-sm-6\">\n\t\t\t<p><label>e-mail<\/label><span class=\"wpcf7-form-control-wrap\" data-name=\"your-email\"><input size=\"40\" maxlength=\"400\" class=\"wpcf7-form-control wpcf7-email wpcf7-validates-as-required wpcf7-text wpcf7-validates-as-email email\" aria-required=\"true\" aria-invalid=\"false\" placeholder=\"Favor de insterar una direccion mail v\u00e1lida\" value=\"\" type=\"email\" name=\"your-email\" \/><\/span>\n\t\t\t<\/p>\n\t\t<\/div>\n\t<\/div>\n\t<div class=\"row\">\n\t\t<div class=\"col-sm-6\">\n\t\t\t<p><label>Pa\u00eds<\/label><span class=\"wpcf7-form-control-wrap\" data-name=\"your-country\"><input size=\"40\" maxlength=\"400\" class=\"wpcf7-form-control wpcf7-text wpcf7-validates-as-required name\" aria-required=\"true\" aria-invalid=\"false\" placeholder=\"Favor de insterar su pa\u00eds\" value=\"\" type=\"text\" name=\"your-country\" \/><\/span>\n\t\t\t<\/p>\n\t\t<\/div>\n\t\t<div class=\"col-sm-6\">\n\t\t\t<p><label>Ciudad<\/label><span class=\"wpcf7-form-control-wrap\" data-name=\"your-city\"><input size=\"40\" maxlength=\"400\" class=\"wpcf7-form-control wpcf7-text wpcf7-validates-as-required name\" aria-required=\"true\" aria-invalid=\"false\" placeholder=\"Favor de insterar su ciudad\" value=\"\" type=\"text\" name=\"your-city\" \/><\/span>\n\t\t\t<\/p>\n\t\t<\/div>\n\t<\/div>\n\t<div class=\"row\">\n\t\t<div class=\"col-sm-6\">\n\t\t\t<p><label>Check In<\/label><br \/>\n<span class=\"wpcf7-form-control-wrap\" data-name=\"date_arrival\"><input class=\"wpcf7-form-control wpcf7-date wpcf7-validates-as-required wpcf7-validates-as-date name\" aria-required=\"true\" aria-invalid=\"false\" placeholder=\"En qu\u00e9 fechas desea llegar?\" value=\"\" type=\"date\" name=\"date_arrival\" \/><\/span>\n\t\t\t<\/p>\n\t\t<\/div>\n\t\t<div class=\"col-sm-6\">\n\t\t\t<p><label>Check Out<\/label><br \/>\n<span class=\"wpcf7-form-control-wrap\" data-name=\"date_departure\"><input class=\"wpcf7-form-control wpcf7-date wpcf7-validates-as-required wpcf7-validates-as-date name\" aria-required=\"true\" aria-invalid=\"false\" placeholder=\"En qu\u00e9 fechas desea salir?\" value=\"\" type=\"date\" name=\"date_departure\" \/><\/span>\n\t\t\t<\/p>\n\t\t<\/div>\n\t\t<div class=\"col-sm-6\">\n\t\t\t<p><label>Tipo de Habitaci\u00f3n<\/label><span class=\"wpcf7-form-control-wrap posts-384\"><select class=\"wpcf7-form-control wpcf7-select_posts\" aria-invalid=\"false\" name=\"posts-384\"><option value=\"\">---<\/option><option value=\"Swim up\">Swim up<\/option><option value=\"Sunset\">Sunset<\/option><option value=\"Frente a la playa\">Frente a la playa<\/option><option value=\"Frente a la playa con terraza\">Frente a la playa con terraza<\/option><option value=\"Loft Vanilla\">Loft Vanilla<\/option><\/select><\/span>\n\t\t\t<\/p>\n\t\t<\/div>\n\t\t<div class=\"col-sm-6\">\n\t\t\t<p><label>Numero de cuartos<\/label><span class=\"wpcf7-form-control-wrap\" data-name=\"rooms_number\"><select class=\"wpcf7-form-control wpcf7-select wpcf7-validates-as-required\" aria-required=\"true\" aria-invalid=\"false\" name=\"rooms_number\"><option value=\"1\">1<\/option><option value=\"1\">1<\/option><option value=\"2\">2<\/option><option value=\"3\">3<\/option><option value=\"4\">4<\/option><\/select><\/span>\n\t\t\t<\/p>\n\t\t<\/div>\n\t\t<div data-id=\"number-loft-vanilla\" data-orig_data_id=\"number-loft-vanilla\"  data-class=\"wpcf7cf_group\">\n\t\t\t<div class=\"col-sm-6\">\n\t\t\t\t<p><label>Adultos<\/label><span class=\"wpcf7-form-control-wrap\" data-name=\"adults-vanilla\"><select class=\"wpcf7-form-control wpcf7-select wpcf7-validates-as-required\" aria-required=\"true\" aria-invalid=\"false\" name=\"adults-vanilla\"><option value=\"\">&#8212;Por favor, elige una opci\u00f3n&#8212;<\/option><option value=\"1\">1<\/option><option value=\"2\">2<\/option><option value=\"3\">3<\/option><option value=\"4\">4<\/option><option value=\"5\">5<\/option><option value=\"6\">6<\/option><option value=\"7\">7<\/option><option value=\"8\">8<\/option><\/select><\/span>\n\t\t\t\t<\/p>\n\t\t\t<\/div>\n\t\t\t<div class=\"col-sm-6\">\n\t\t\t\t<p><label>Ni\u00f1os<\/label><span class=\"wpcf7-form-control-wrap\" data-name=\"children-vanilla\"><select class=\"wpcf7-form-control wpcf7-select wpcf7-validates-as-required\" aria-required=\"true\" aria-invalid=\"false\" name=\"children-vanilla\"><option value=\"\">&#8212;Por favor, elige una opci\u00f3n&#8212;<\/option><option value=\"0\">0<\/option><option value=\"1\">1<\/option><option value=\"2\">2<\/option><option value=\"3\">3<\/option><option value=\"4\">4<\/option><option value=\"5\">5<\/option><option value=\"6\">6<\/option><option value=\"7\">7<\/option><option value=\"8\">8<\/option><\/select><\/span>\n\t\t\t\t<\/p>\n\t\t\t<\/div>\n\t\t<\/div>\n\t\t<div data-id=\"number-others\" data-orig_data_id=\"number-others\"  data-class=\"wpcf7cf_group\">\n\t\t\t<div class=\"col-sm-6\">\n\t\t\t\t<p><label>Adultos<\/label><span class=\"wpcf7-form-control-wrap\" data-name=\"adults\"><select class=\"wpcf7-form-control wpcf7-select wpcf7-validates-as-required\" aria-required=\"true\" aria-invalid=\"false\" name=\"adults\"><option value=\"\">&#8212;Por favor, elige una opci\u00f3n&#8212;<\/option><option value=\"1\">1<\/option><option value=\"2\">2<\/option><option value=\"3\">3<\/option><option value=\"4\">4<\/option><\/select><\/span>\n\t\t\t\t<\/p>\n\t\t\t<\/div>\n\t\t\t<div class=\"col-sm-6\">\n\t\t\t\t<p><label>Ni\u00f1os<\/label><span class=\"wpcf7-form-control-wrap\" data-name=\"children\"><select class=\"wpcf7-form-control wpcf7-select wpcf7-validates-as-required\" aria-required=\"true\" aria-invalid=\"false\" name=\"children\"><option value=\"\">&#8212;Por favor, elige una opci\u00f3n&#8212;<\/option><option value=\"0\">0<\/option><option value=\"1\">1<\/option><option value=\"2\">2<\/option><option value=\"3\">3<\/option><option value=\"4\">4<\/option><\/select><\/span>\n\t\t\t\t<\/p>\n\t\t\t<\/div>\n\t\t<\/div>\n\t\t<div class=\"col-sm-12\">\n\t\t\t<p><label><br \/>\nSolicitudes Especiales<\/label><span class=\"wpcf7-form-control-wrap\" data-name=\"your-requests\"><textarea cols=\"40\" rows=\"10\" maxlength=\"2000\" class=\"wpcf7-form-control wpcf7-textarea name\" aria-invalid=\"false\" placeholder=\"---\" name=\"your-requests\"><\/textarea><\/span>\n\t\t\t<\/p>\n\t\t<\/div>\n\t<\/div>\n\t<p><button class=\"btn btn-lg btn-primary item_centered\" type=\"submit\">Env\u00eda<\/button>\n\t<\/p>\n<\/div><p style=\"display: none !important;\" class=\"akismet-fields-container\" data-prefix=\"_wpcf7_ak_\"><label>&#916;<textarea name=\"_wpcf7_ak_hp_textarea\" cols=\"45\" rows=\"8\" maxlength=\"100\"><\/textarea><\/label><input type=\"hidden\" id=\"ak_js_1\" name=\"_wpcf7_ak_js\" value=\"12\"\/><script>document.getElementById( \"ak_js_1\" ).setAttribute( \"value\", ( new Date() ).getTime() );<\/script><\/p><input type='hidden' class='wpcf7-pum' value='{\"closepopup\":false,\"closedelay\":0,\"openpopup\":false,\"openpopup_id\":0}' \/><div class=\"wpcf7-response-output\" aria-hidden=\"true\"><\/div>\n<\/form>\n<\/div>\n[\/vc_column][vc_column width=\u00bb1\/3&#8243; el_class=\u00bbcol-sm-pull-8&#8243;][vc_widget_sidebar sidebar_id=\u00bbsidebar-contacts\u00bb el_class=\u00bbno_margin_top\u00bb][\/vc_column][\/vc_row]<\/p>\n<\/div>","protected":false},"excerpt":{"rendered":"<div class=\"wpb-content-wrapper\">\n<p>[vc_row css=\u00bb.vc_custom_1730286853294{margin-top: 240px !important;margin-bottom: 0px !important;padding-bottom: 0px !important;}\u00bb el_class=\u00bbmt-90&#8243;][vc_column][vc_column_text]<\/p>\n<h1 style=\"text-align: center;\">Reservaciones<\/h1>\n<p>[\/vc_column_text][\/vc_column][\/vc_row][vc_row][vc_column width=\u00bb2\/3&#8243; el_class=\u00bblarge_form col-sm-push-4&#8243;][vc_column_text]Esta no es una confirmaci\u00f3n. Nuestro equipo de reservas se pondr\u00e1 en contacto pronto con la disponibilidad en tiempo real.<br \/>\nGracias[\/vc_column_text][\/vc_column][vc_column width=\u00bb1\/3&#8243; el_class=\u00bbcol-sm-pull-8&#8243;][vc_widget_sidebar sidebar_id=\u00bbsidebar-contacts\u00bb el_class=\u00bbno_margin_top\u00bb][\/vc_column][\/vc_row]<\/p>\n<\/div>\n","protected":false},"author":1,"featured_media":0,"parent":0,"menu_order":0,"comment_status":"closed","ping_status":"closed","template":"","meta":{"_acf_changed":false,"inline_featured_image":false,"footnotes":""},"class_list":["post-1782","page","type-page","status-publish","hentry"],"acf":[],"yoast_head":"<!-- This site is optimized with the Yoast SEO plugin v24.6 - https:\/\/yoast.com\/wordpress\/plugins\/seo\/ -->\n<title>Reservaciones | CABA\u00d1AS TULUM HOTEL<\/title>\n<meta name=\"description\" content=\"En esta p\u00e1gina es posible reservar una habitaci\u00f3n de nuestro Hotel Caba\u00f1as Tulum: p\u00e1gina de reservaciones con informaci\u00f3n de contacto.\" \/>\n<meta name=\"robots\" content=\"index, follow, max-snippet:-1, max-image-preview:large, max-video-preview:-1\" \/>\n<link rel=\"canonical\" href=\"https:\/\/www.hotelcabanastulum.com\/es\/reservacion\/\" \/>\n<meta property=\"og:locale\" content=\"es_ES\" \/>\n<meta property=\"og:type\" content=\"article\" \/>\n<meta property=\"og:title\" content=\"Reservaciones | CABA\u00d1AS TULUM HOTEL\" \/>\n<meta property=\"og:description\" content=\"En esta p\u00e1gina es posible reservar una habitaci\u00f3n de nuestro Hotel Caba\u00f1as Tulum: p\u00e1gina de reservaciones con informaci\u00f3n de contacto.\" \/>\n<meta property=\"og:url\" content=\"https:\/\/www.hotelcabanastulum.com\/es\/reservacion\/\" \/>\n<meta property=\"og:site_name\" content=\"Hotel Caba\u00f1as Tulum\" \/>\n<meta property=\"article:modified_time\" content=\"2024-10-30T11:14:46+00:00\" \/>\n<meta name=\"twitter:card\" content=\"summary_large_image\" \/>\n<meta name=\"twitter:label1\" content=\"Tiempo de lectura\" \/>\n\t<meta name=\"twitter:data1\" content=\"1 minuto\" \/>\n<script type=\"application\/ld+json\" class=\"yoast-schema-graph\">{\"@context\":\"https:\/\/schema.org\",\"@graph\":[{\"@type\":\"WebPage\",\"@id\":\"https:\/\/www.hotelcabanastulum.com\/es\/reservacion\/\",\"url\":\"https:\/\/www.hotelcabanastulum.com\/es\/reservacion\/\",\"name\":\"Reservaciones | CABA\u00d1AS TULUM HOTEL\",\"isPartOf\":{\"@id\":\"https:\/\/www.hotelcabanastulum.com\/#website\"},\"datePublished\":\"2016-11-24T17:12:01+00:00\",\"dateModified\":\"2024-10-30T11:14:46+00:00\",\"description\":\"En esta p\u00e1gina es posible reservar una habitaci\u00f3n de nuestro Hotel Caba\u00f1as Tulum: p\u00e1gina de reservaciones con informaci\u00f3n de contacto.\",\"breadcrumb\":{\"@id\":\"https:\/\/www.hotelcabanastulum.com\/es\/reservacion\/#breadcrumb\"},\"inLanguage\":\"es\",\"potentialAction\":[{\"@type\":\"ReadAction\",\"target\":[\"https:\/\/www.hotelcabanastulum.com\/es\/reservacion\/\"]}]},{\"@type\":\"BreadcrumbList\",\"@id\":\"https:\/\/www.hotelcabanastulum.com\/es\/reservacion\/#breadcrumb\",\"itemListElement\":[{\"@type\":\"ListItem\",\"position\":1,\"name\":\"Home\",\"item\":\"https:\/\/www.hotelcabanastulum.com\/es\/\"},{\"@type\":\"ListItem\",\"position\":2,\"name\":\"Reservaciones\"}]},{\"@type\":\"WebSite\",\"@id\":\"https:\/\/www.hotelcabanastulum.com\/#website\",\"url\":\"https:\/\/www.hotelcabanastulum.com\/\",\"name\":\"Hotel Caba\u00f1as Tulum\",\"description\":\"Un nuovo sito targato WordPress\",\"publisher\":{\"@id\":\"https:\/\/www.hotelcabanastulum.com\/#organization\"},\"potentialAction\":[{\"@type\":\"SearchAction\",\"target\":{\"@type\":\"EntryPoint\",\"urlTemplate\":\"https:\/\/www.hotelcabanastulum.com\/?s={search_term_string}\"},\"query-input\":{\"@type\":\"PropertyValueSpecification\",\"valueRequired\":true,\"valueName\":\"search_term_string\"}}],\"inLanguage\":\"es\"},{\"@type\":\"Organization\",\"@id\":\"https:\/\/www.hotelcabanastulum.com\/#organization\",\"name\":\"Caba\u00f1as Tulum Hotel\",\"url\":\"https:\/\/www.hotelcabanastulum.com\/\",\"logo\":{\"@type\":\"ImageObject\",\"inLanguage\":\"es\",\"@id\":\"https:\/\/www.hotelcabanastulum.com\/#\/schema\/logo\/image\/\",\"url\":\"http:\/\/www.hotelcabanastulum.com\/wp-content\/uploads\/2017\/05\/hotel-cabanas-tulum_logo.png\",\"contentUrl\":\"http:\/\/www.hotelcabanastulum.com\/wp-content\/uploads\/2017\/05\/hotel-cabanas-tulum_logo.png\",\"width\":227,\"height\":62,\"caption\":\"Caba\u00f1as Tulum Hotel\"},\"image\":{\"@id\":\"https:\/\/www.hotelcabanastulum.com\/#\/schema\/logo\/image\/\"}}]}<\/script>\n<!-- \/ Yoast SEO plugin. -->","yoast_head_json":{"title":"Reservaciones | CABA\u00d1AS TULUM HOTEL","description":"En esta p\u00e1gina es posible reservar una habitaci\u00f3n de nuestro Hotel Caba\u00f1as Tulum: p\u00e1gina de reservaciones con informaci\u00f3n de contacto.","robots":{"index":"index","follow":"follow","max-snippet":"max-snippet:-1","max-image-preview":"max-image-preview:large","max-video-preview":"max-video-preview:-1"},"canonical":"https:\/\/www.hotelcabanastulum.com\/es\/reservacion\/","og_locale":"es_ES","og_type":"article","og_title":"Reservaciones | CABA\u00d1AS TULUM HOTEL","og_description":"En esta p\u00e1gina es posible reservar una habitaci\u00f3n de nuestro Hotel Caba\u00f1as Tulum: p\u00e1gina de reservaciones con informaci\u00f3n de contacto.","og_url":"https:\/\/www.hotelcabanastulum.com\/es\/reservacion\/","og_site_name":"Hotel Caba\u00f1as Tulum","article_modified_time":"2024-10-30T11:14:46+00:00","twitter_card":"summary_large_image","twitter_misc":{"Tiempo de lectura":"1 minuto"},"schema":{"@context":"https:\/\/schema.org","@graph":[{"@type":"WebPage","@id":"https:\/\/www.hotelcabanastulum.com\/es\/reservacion\/","url":"https:\/\/www.hotelcabanastulum.com\/es\/reservacion\/","name":"Reservaciones | CABA\u00d1AS TULUM HOTEL","isPartOf":{"@id":"https:\/\/www.hotelcabanastulum.com\/#website"},"datePublished":"2016-11-24T17:12:01+00:00","dateModified":"2024-10-30T11:14:46+00:00","description":"En esta p\u00e1gina es posible reservar una habitaci\u00f3n de nuestro Hotel Caba\u00f1as Tulum: p\u00e1gina de reservaciones con informaci\u00f3n de contacto.","breadcrumb":{"@id":"https:\/\/www.hotelcabanastulum.com\/es\/reservacion\/#breadcrumb"},"inLanguage":"es","potentialAction":[{"@type":"ReadAction","target":["https:\/\/www.hotelcabanastulum.com\/es\/reservacion\/"]}]},{"@type":"BreadcrumbList","@id":"https:\/\/www.hotelcabanastulum.com\/es\/reservacion\/#breadcrumb","itemListElement":[{"@type":"ListItem","position":1,"name":"Home","item":"https:\/\/www.hotelcabanastulum.com\/es\/"},{"@type":"ListItem","position":2,"name":"Reservaciones"}]},{"@type":"WebSite","@id":"https:\/\/www.hotelcabanastulum.com\/#website","url":"https:\/\/www.hotelcabanastulum.com\/","name":"Hotel Caba\u00f1as Tulum","description":"Un nuovo sito targato WordPress","publisher":{"@id":"https:\/\/www.hotelcabanastulum.com\/#organization"},"potentialAction":[{"@type":"SearchAction","target":{"@type":"EntryPoint","urlTemplate":"https:\/\/www.hotelcabanastulum.com\/?s={search_term_string}"},"query-input":{"@type":"PropertyValueSpecification","valueRequired":true,"valueName":"search_term_string"}}],"inLanguage":"es"},{"@type":"Organization","@id":"https:\/\/www.hotelcabanastulum.com\/#organization","name":"Caba\u00f1as Tulum Hotel","url":"https:\/\/www.hotelcabanastulum.com\/","logo":{"@type":"ImageObject","inLanguage":"es","@id":"https:\/\/www.hotelcabanastulum.com\/#\/schema\/logo\/image\/","url":"http:\/\/www.hotelcabanastulum.com\/wp-content\/uploads\/2017\/05\/hotel-cabanas-tulum_logo.png","contentUrl":"http:\/\/www.hotelcabanastulum.com\/wp-content\/uploads\/2017\/05\/hotel-cabanas-tulum_logo.png","width":227,"height":62,"caption":"Caba\u00f1as Tulum Hotel"},"image":{"@id":"https:\/\/www.hotelcabanastulum.com\/#\/schema\/logo\/image\/"}}]}},"_links":{"self":[{"href":"https:\/\/www.hotelcabanastulum.com\/es\/wp-json\/wp\/v2\/pages\/1782","targetHints":{"allow":["GET"]}}],"collection":[{"href":"https:\/\/www.hotelcabanastulum.com\/es\/wp-json\/wp\/v2\/pages"}],"about":[{"href":"https:\/\/www.hotelcabanastulum.com\/es\/wp-json\/wp\/v2\/types\/page"}],"author":[{"embeddable":true,"href":"https:\/\/www.hotelcabanastulum.com\/es\/wp-json\/wp\/v2\/users\/1"}],"replies":[{"embeddable":true,"href":"https:\/\/www.hotelcabanastulum.com\/es\/wp-json\/wp\/v2\/comments?post=1782"}],"version-history":[{"count":0,"href":"https:\/\/www.hotelcabanastulum.com\/es\/wp-json\/wp\/v2\/pages\/1782\/revisions"}],"wp:attachment":[{"href":"https:\/\/www.hotelcabanastulum.com\/es\/wp-json\/wp\/v2\/media?parent=1782"}],"curies":[{"name":"wp","href":"https:\/\/api.w.org\/{rel}","templated":true}]}}